{"id":21596,"date":"2025-07-11T22:46:22","date_gmt":"2025-07-11T20:46:22","guid":{"rendered":"https:\/\/www.shop.electroseed.fr\/produit\/adaptateur-pedalier-custom-logitech-g25-g27-g29-g920\/"},"modified":"2025-07-17T15:36:11","modified_gmt":"2025-07-17T13:36:11","slug":"adaptateur-pedalier-custom-logitech-g25-g27-g29-g920","status":"publish","type":"product","link":"https:\/\/www.shop.electroseed.fr\/en\/produit\/adaptateur-pedalier-custom-logitech-g25-g27-g29-g920\/","title":{"rendered":"Adaptateur P\u00e9dalier Custom \/ Logitech G25\/G27\/G29\/G920"},"content":{"rendered":"<p>Adaptateur pour p\u00e9dalier, compatible avec les p\u00e9daliers Logitech G25\/G27\/G29\/G920, il permet \u00e9galement de r\u00e9aliser un p\u00e9dalier personnalis\u00e9.<\/p>\n<p>&nbsp;<\/p>\n<p>R\u00e9solution effective : Minimum 12 bits (4096 positions) sur tous les axes, rafra\u00eechit et\u00a0filtr\u00e9\u00a0\u00e0 250 Hz .<\/p>\n<p>Connecteur : USB-C<\/p>\n<p>Longueur du c\u00e2ble : 1 m<\/p>\n<p>Une calibration interne est possible sur chaque axe afin d&#8217;\u00e9viter d&#8217;utiliser des outils externes.<\/p>\n<p>Cet adaptateur ne n\u00e9cessite pas de pilotes et est support\u00e9 nativement par Windows 10\/8\/7, Vista 32, Vista 64, XP, 2000, Me, 98, Mac OS X et Linux.<\/p>\n<p>Bas\u00e9 sur le micro-contr\u00f4leur SamD21, cet adaptateur expose 7 entr\u00e9es analogiques, un port s\u00e9rie, un port I2C et un port SPI. Il peut donc \u00e9galement se connecter \u00e0 divers capteurs : un\u00a0<a href=\"https:\/\/www.electroseed.fr\/shop\/product_info.php?products_id=346\" target=\"_blank\" rel=\"noopener\">AS5600<\/a>, plusieurs\u00a0<a href=\"https:\/\/www.electroseed.fr\/shop\/product_info.php?products_id=321\" target=\"_blank\" rel=\"noopener\">MLX90393<\/a>, ainsi que plusieurs platines <a href=\"https:\/\/www.electroseed.fr\/shop\/product_info.php?products_id=407\" target=\"_blank\" rel=\"noopener\">HX711<\/a> pour jauges de contraintes.<\/p>\n","protected":false},"excerpt":{"rendered":"<p>Adaptateur pour p\u00e9dalier, compatible avec les p\u00e9daliers Logitech G25\/G27\/G29\/G920, il permet \u00e9galement de r\u00e9aliser un p\u00e9dalier personnalis\u00e9.<\/p>\n<p>&nbsp;<\/p>\n<p>R\u00e9solution effective : Minimum 12 bits (4096 positions) sur tous les axes, rafra\u00eechit et\u00a0filtr\u00e9\u00a0\u00e0 250 Hz .<\/p>\n<p>Connecteur : USB-C<\/p>\n<p>Longueur du c\u00e2ble : 1 m<\/p>\n<p>Une calibration interne est possible sur chaque axe afin d&#8217;\u00e9viter d&#8217;utiliser des outils externes.<\/p>\n<p>Cet adaptateur ne n\u00e9cessite pas de pilotes et est support\u00e9 nativement par Windows 10\/8\/7, Vista 32, Vista 64, XP, 2000, Me, 98, Mac OS X et Linux.<\/p>\n<p>Bas\u00e9 sur le micro-contr\u00f4leur SamD21, cet adaptateur expose 7 entr\u00e9es analogiques, un port s\u00e9rie, un port I2C et un port SPI. Il peut donc \u00e9galement se connecter \u00e0 divers capteurs : un\u00a0<a href=\"https:\/\/www.electroseed.fr\/shop\/product_info.php?products_id=346\" target=\"_blank\" rel=\"noopener\">AS5600<\/a>, plusieurs\u00a0<a href=\"https:\/\/www.electroseed.fr\/shop\/product_info.php?products_id=321\" target=\"_blank\" rel=\"noopener\">MLX90393<\/a>, ainsi que plusieurs platines <a href=\"https:\/\/www.electroseed.fr\/shop\/product_info.php?products_id=407\" target=\"_blank\" rel=\"noopener\">HX711<\/a> pour jauges de contraintes.<\/p>\n","protected":false},"featured_media":19469,"comment_status":"open","ping_status":"closed","template":"","meta":{"_acf_changed":false},"product_brand":[],"product_cat":[842],"product_tag":[],"class_list":{"0":"post-21596","1":"product","2":"type-product","3":"status-publish","4":"has-post-thumbnail","6":"product_cat-non-classe","8":"first","9":"instock","10":"taxable","11":"shipping-taxable","12":"purchasable","13":"product-type-simple"},"acf":[],"_links":{"self":[{"href":"https:\/\/www.shop.electroseed.fr\/en\/wp-json\/wp\/v2\/product\/21596","targetHints":{"allow":["GET"]}}],"collection":[{"href":"https:\/\/www.shop.electroseed.fr\/en\/wp-json\/wp\/v2\/product"}],"about":[{"href":"https:\/\/www.shop.electroseed.fr\/en\/wp-json\/wp\/v2\/types\/product"}],"replies":[{"embeddable":true,"href":"https:\/\/www.shop.electroseed.fr\/en\/wp-json\/wp\/v2\/comments?post=21596"}],"wp:featuredmedia":[{"embeddable":true,"href":"https:\/\/www.shop.electroseed.fr\/en\/wp-json\/wp\/v2\/media\/19469"}],"wp:attachment":[{"href":"https:\/\/www.shop.electroseed.fr\/en\/wp-json\/wp\/v2\/media?parent=21596"}],"wp:term":[{"taxonomy":"product_brand","embeddable":true,"href":"https:\/\/www.shop.electroseed.fr\/en\/wp-json\/wp\/v2\/product_brand?post=21596"},{"taxonomy":"product_cat","embeddable":true,"href":"https:\/\/www.shop.electroseed.fr\/en\/wp-json\/wp\/v2\/product_cat?post=21596"},{"taxonomy":"product_tag","embeddable":true,"href":"https:\/\/www.shop.electroseed.fr\/en\/wp-json\/wp\/v2\/product_tag?post=21596"}],"curies":[{"name":"wp","href":"https:\/\/api.w.org\/{rel}","templated":true}]}}